{"id":53,"date":"2024-04-26T04:48:38","date_gmt":"2024-04-26T04:48:38","guid":{"rendered":"https:\/\/ogp.com.pl\/?page_id=53"},"modified":"2024-04-29T13:05:32","modified_gmt":"2024-04-29T13:05:32","slug":"oferta","status":"publish","type":"page","link":"https:\/\/ogp.com.pl\/?page_id=53","title":{"rendered":"Oferta"},"content":{"rendered":"<p style=\"text-align: center;\">Oferujemy podmiotom zainteresowanym us\u0142ugami prawnymi produkt o najwy\u017cszej dost\u0119pnej na rynku jako\u015bci. Dzia\u0142amy zar\u00f3wno w zakresie indywidualnych zlece\u0144 na rzecz os\u00f3b fizycznych jak i kompleksowej obs\u0142ugi prawnej podmiot\u00f3w gospodarczych oraz jednostek samorz\u0105dowych.<\/p>\n<p style=\"text-align: center;\">Mo\u017cliwo\u015b\u0107 wsp\u00f3\u0142pracy z autorytetami doktryny konkretnej dziedziny prawa, zapewnia naszym klientom \u015bwiadomo\u015b\u0107 korzystania z obs\u0142ugi prawnej opartej na najbardziej aktualnej wyk\u0142adni ka\u017cdej z interesuj\u0105cych ich ga\u0142\u0119zi prawa.<\/p>\n","protected":false},"excerpt":{"rendered":"<p>Oferujemy podmiotom zainteresowanym us\u0142ugami prawnymi produkt o najwy\u017cszej dost\u0119pnej na rynku jako\u015bci. Dzia\u0142amy zar\u00f3wno w zakresie indywidualnych zlece\u0144 na rzecz os\u00f3b fizycznych jak i kompleksowej obs\u0142ugi prawnej podmiot\u00f3w gospodarczych oraz jednostek samorz\u0105dowych. Mo\u017cliwo\u015b\u0107 wsp\u00f3\u0142pracy z autorytetami doktryny konkretnej dziedziny prawa, zapewnia naszym klientom \u015bwiadomo\u015b\u0107 korzystania z obs\u0142ugi prawnej opartej na [&hellip;]<\/p>\n","protected":false},"author":1,"featured_media":0,"parent":0,"menu_order":0,"comment_status":"closed","ping_status":"closed","template":"","meta":{"footnotes":""},"_links":{"self":[{"href":"https:\/\/ogp.com.pl\/index.php?rest_route=\/wp\/v2\/pages\/53"}],"collection":[{"href":"https:\/\/ogp.com.pl\/index.php?rest_route=\/wp\/v2\/pages"}],"about":[{"href":"https:\/\/ogp.com.pl\/index.php?rest_route=\/wp\/v2\/types\/page"}],"author":[{"embeddable":true,"href":"https:\/\/ogp.com.pl\/index.php?rest_route=\/wp\/v2\/users\/1"}],"replies":[{"embeddable":true,"href":"https:\/\/ogp.com.pl\/index.php?rest_route=%2Fwp%2Fv2%2Fcomments&post=53"}],"version-history":[{"count":3,"href":"https:\/\/ogp.com.pl\/index.php?rest_route=\/wp\/v2\/pages\/53\/revisions"}],"predecessor-version":[{"id":89,"href":"https:\/\/ogp.com.pl\/index.php?rest_route=\/wp\/v2\/pages\/53\/revisions\/89"}],"wp:attachment":[{"href":"https:\/\/ogp.com.pl\/index.php?rest_route=%2Fwp%2Fv2%2Fmedia&parent=53"}],"curies":[{"name":"wp","href":"https:\/\/api.w.org\/{rel}","templated":true}]}}